{"id":5347,"date":"2021-01-10T18:51:31","date_gmt":"2021-01-10T17:51:31","guid":{"rendered":"https:\/\/laguirlande.com\/?page_id=5347"},"modified":"2025-11-19T11:08:17","modified_gmt":"2025-11-19T10:08:17","slug":"la-guirlande","status":"publish","type":"page","link":"https:\/\/laguirlande.com\/de\/la-guirlande\/","title":{"rendered":"La Guirlande"},"content":{"rendered":"<p>[et_pb_section fb_built=&#8220;1&#8243; fullwidth=&#8220;on&#8220; disabled_on=&#8220;on|on|off&#8220; module_id=&#8220;full100vh&#8220; _builder_version=&#8220;4.16&#8243; background_color=&#8220;rgba(0,0,0,0)&#8220; max_height=&#8220;100vh&#8220; global_colors_info=&#8220;{}&#8220;][et_pb_fullwidth_header text_orientation=&#8220;center&#8220; header_fullscreen=&#8220;on&#8220; header_image_url=&#8220;https:\/\/laguirlande.com\/wp-content\/uploads\/2015\/12\/Logo-01.png&#8220; module_id=&#8220;one&#8220; _builder_version=&#8220;4.16&#8243; background_color=&#8220;rgba(0,0,0,0)&#8220; custom_css_header_image=&#8220;width: 22%&#8220; global_colors_info=&#8220;{}&#8220; custom_css_after__hover_enabled=&#8220;on&#8220;][\/et_pb_fullwidth_header][\/et_pb_section][et_pb_section fb_built=&#8220;1&#8243; fullwidth=&#8220;on&#8220; disabled_on=&#8220;on|on|off&#8220; module_id=&#8220;full100vh&#8220; _builder_version=&#8220;4.20.0&#8243; background_color=&#8220;rgba(0,0,0,0)&#8220; max_height=&#8220;100vh&#8220; custom_margin=&#8220;||3%||false|false&#8220; custom_padding=&#8220;||||false|false&#8220; border_width_top=&#8220;1px&#8220; border_color_top=&#8220;#e0e0e0&#8243; global_colors_info=&#8220;{}&#8220;][et_pb_fullwidth_slider _builder_version=&#8220;4.27.3&#8243; body_font=&#8220;||||||||&#8220; body_text_align=&#8220;justify&#8220; text_orientation=&#8220;left&#8220; width=&#8220;90%&#8220; module_alignment=&#8220;center&#8220; custom_margin=&#8220;-2%||||false|false&#8220; custom_padding=&#8220;||||false|false&#8220; global_colors_info=&#8220;{}&#8220;][et_pb_slide arrows_custom_color=&#8220;rgba(0,0,0,0)&#8220; dot_nav_custom_color=&#8220;rgba(0,0,0,0)&#8220; _builder_version=&#8220;4.27.3&#8243; header_font=&#8220;||||||||&#8220; header_font_size=&#8220;46&#8243; body_font=&#8220;||||||||&#8220; body_text_color=&#8220;#666666&#8243; body_font_size=&#8220;13.5px&#8220; body_ul_font=&#8220;||||||||&#8220; background_color=&#8220;rgba(0,0,0,0)&#8220; background_layout=&#8220;light&#8220; global_colors_info=&#8220;{}&#8220; sticky_transition=&#8220;on&#8220;]<\/p>\n<p>La Guirlande, eines der vielseitigsten Ensembles, das sich auf die historische Interpretation der Musik des 18. und 19. Jahrhunderts spezialisiert hat, wurde von Luis Mart\u00ednez Pueyo w\u00e4hrend seiner Zeit an der Schola Cantorum Basiliensis gegr\u00fcndet. Das Repertoire konzentriert sich auf die Musik des 18. und 19. Jahrhunderts, in der die Fl\u00f6te eine grundlegende Rolle spielt: von der Fl\u00f6tensonate &#8211; mit Cembalo oder Pianoforte sowie mit Basso continuo &#8211; bis zum Solokonzert, einschlie\u00dflich aller Arten von Kammermusikkombinationen. Die Verwendung von Originalinstrumenten oder deren Nachbauten sowie ein gr\u00fcndliches historisches Studium der Auff\u00fchrungspraxis anhand verschiedener Traktate und Quellen kennzeichnen das Hauptziel von La Guirlande: eine Interpretation des Repertoires, die der urspr\u00fcnglichen Idee des jeweiligen Komponisten so nahe wie m\u00f6glich kommt.<\/p>\n<p>La Guirlande setzt sich aus Musikern zusammen, die auf dem Gebiet der historischen Auff\u00fchrungspraxis hohes Ansehen genie\u00dfen. Sie wurden an einigen der weltweit wichtigsten Schulen f\u00fcr Alte Musik ausgebildet und arbeiten mit Ensembles und Orchestern von europ\u00e4ischem und internationalem Ruf zusammen. Seit seiner Gr\u00fcndung hat La Guirlande an bedeutenden Festivals teilgenommen: Freunde Alter Musik Basel, Wimbledon International Music Festival, Centro Nacional de Difusi\u00f3n Musical, Festival Internacional de Santander, Quincena Musical de San Sebasti\u00e1n, Festival de M\u00fasica Antigua de \u00dabeda y Baeza, Festival de M\u00fasica Antigua de Sevilla, Festival Internacional de Arte Sacro de la Comunidad de Madrid, Semana de M\u00fasica Antigua de \u00c1lava, Festival de M\u00fasica Antigua de Pe\u00f1\u00edscola, Festival de Besan\u00e7on &#8211; Montfaucon, Festival Internazionale di Musica Antica Note Senza Tempo, Mvsica Cordis Konzertreihe Egerkingen, Echoes Festival of Latin Classical Music, Festival Fora do Lugar, Festival Baroque Vivant Basel, Festival de M\u00fasica Barroca de Albacete, Festival de M\u00fasica Antigua de Casalarreina, Cl\u00e1sicos en Verano de la Comunidad de Madrid und Ciclo de Conciertos de Orgao Vila Nova de Famalicao e Santo Tirso. Luis Mart\u00ednez organisiert auch das Festival de M\u00fasica Antigua de \u00c9pila.<\/p>\n<p>La Guirlande hat ihren Namen von einem der Hauptsymbole des Gottes Apollo, einem Zeichen f\u00fcr Ruhm und Anerkennung in den K\u00fcnsten, der Weisheit und den Spielen.<\/p>\n<p>[\/et_pb_slide][\/et_pb_fullwidth_slider][\/et_pb_section][et_pb_section fb_built=&#8220;1&#8243; fullwidth=&#8220;on&#8220; disabled_on=&#8220;on|on|off&#8220; module_id=&#8220;full100vh&#8220; _builder_version=&#8220;4.16&#8243; background_color=&#8220;rgba(0,0,0,0)&#8220; background_image=&#8220;https:\/\/laguirlande.com\/wp-content\/uploads\/2019\/08\/luis06.jpg&#8220; max_height=&#8220;100vh&#8220; global_colors_info=&#8220;{}&#8220;][et_pb_fullwidth_header title=&#8220;Luis Mart\u00ednez Pueyo. K\u00dcNSTLERISCHER LEITER&#8220; header_fullscreen=&#8220;on&#8220; button_one_text=&#8220;Download Lebenslauf Luis Mart\u00ednez Pueyo. PDF&#8220; button_one_url=&#8220;\/documents\/CV Luis Martinez Pueyo_DE.pdf&#8220; button_two_url=&#8220;#two&#8220; module_id=&#8220;three&#8220; _builder_version=&#8220;4.27.4&#8243; title_font=&#8220;|||on|||||&#8220; title_text_align=&#8220;left&#8220; content_font=&#8220;||||||||&#8220; background_color=&#8220;rgba(0,0,0,0)&#8220; custom_button_one=&#8220;on&#8220; button_one_text_size=&#8220;14px&#8220; button_one_text_color=&#8220;#000000&#8243; button_one_bg_color=&#8220;#FFFFFF&#8220; button_one_border_width=&#8220;0px&#8220; button_one_border_radius=&#8220;0px&#8220; button_one_letter_spacing=&#8220;2px&#8220; button_one_font=&#8220;Raleway|600|||||||&#8220; button_one_use_icon=&#8220;off&#8220; button_one_custom_padding=&#8220;10px|30px|10px|30px|true|true&#8220; custom_button_two=&#8220;on&#8220; button_two_text_size=&#8220;50px&#8220; button_two_bg_color=&#8220;rgba(0,0,0,0)&#8220; button_two_border_width=&#8220;0px&#8220; button_two_border_color=&#8220;rgba(0,0,0,0)&#8220; button_two_border_radius=&#8220;0px&#8220; button_two_font=&#8220;||||||||&#8220; button_two_icon=&#8220;&#x32;||divi||400&#8243; button_two_icon_color=&#8220;#b5a863&#8243; button_two_on_hover=&#8220;off&#8220; button_two_custom_margin=&#8220;||&#8220; button_two_custom_padding=&#8220;0px||&#8220; background_layout=&#8220;light&#8220; custom_margin=&#8220;|||||false&#8220; custom_padding=&#8220;|4%||4%||true&#8220; link_option_url_new_window=&#8220;on&#8220; hover_enabled=&#8220;0&#8243; custom_css_header_container=&#8220;width: 100%;&#8220; custom_css_title=&#8220;background-color: white;||padding-left: 30px;||padding-top: 15px;||width: 50%;||margin-top: 30%;&#8220; custom_css_content=&#8220;background-color: white;||padding-left: 30px;||padding-top: 5px;||padding-bottom: 15px;||width: 50%;&#8220; global_colors_info=&#8220;{}&#8220; button_two_bg_color__hover_enabled=&#8220;on&#8220; button_two_bg_color__hover=&#8220;rgba(0,0,0,0)&#8220; button_one_bg_color__hover_enabled=&#8220;on&#8220; button_one_bg_color__hover=&#8220;rgba(255,255,255,0.3)&#8220; button_one_text_color__hover_enabled=&#8220;on&#8220; button_one_text_color__hover=&#8220;#FFFFFF&#8220; sticky_enabled=&#8220;0&#8243;]<\/p>\n<h3 style=\"text-align: left;\">Luis Mart\u00ednez Pueyo, der an der renommierten Schola Cantorum Basiliensis studiert hat, ist der Gr\u00fcnder und Leiter von La Guirlande, einem Ensemble, das sich der historisch informierten Auff\u00fchrungspraxis der Musik des 18. und 19. Jahrhunderts verschrieben hat.<\/h3>\n<p>[\/et_pb_fullwidth_header][\/et_pb_section][et_pb_section fb_built=&#8220;1&#8243; fullwidth=&#8220;on&#8220; disabled_on=&#8220;on|on|off&#8220; module_id=&#8220;full100vh&#8220; _builder_version=&#8220;4.16&#8243; background_image=&#8220;https:\/\/laguirlande.com\/wp-content\/uploads\/2021\/04\/musicos-2.jpg&#8220; max_height=&#8220;100vh&#8220; global_colors_info=&#8220;{}&#8220;][et_pb_fullwidth_header title=&#8220;DIE MUSIKER VON LA GUIRLANDE&#8220; header_fullscreen=&#8220;on&#8220; button_two_url=&#8220;#three&#8220; module_id=&#8220;four&#8220; _builder_version=&#8220;4.16&#8243; title_font=&#8220;|||on|||||&#8220; title_text_align=&#8220;left&#8220; content_font=&#8220;||||||||&#8220; background_color=&#8220;rgba(0,0,0,0)&#8220; custom_button_one=&#8220;on&#8220; button_one_text_size=&#8220;14px&#8220; button_one_text_color=&#8220;#000000&#8243; button_one_bg_color=&#8220;#FFFFFF&#8220; button_one_border_width=&#8220;0px&#8220; button_one_border_radius=&#8220;0px&#8220; button_one_letter_spacing=&#8220;2px&#8220; button_one_font=&#8220;Raleway|600|||||||&#8220; button_one_use_icon=&#8220;off&#8220; button_one_custom_padding=&#8220;10px|30px|10px|30px|true|true&#8220; custom_button_two=&#8220;on&#8220; button_two_text_size=&#8220;50px&#8220; button_two_bg_color=&#8220;rgba(0,0,0,0)&#8220; button_two_border_width=&#8220;0px&#8220; button_two_border_color=&#8220;rgba(0,0,0,0)&#8220; button_two_border_radius=&#8220;0px&#8220; button_two_font=&#8220;||||||||&#8220; button_two_icon=&#8220;&#x32;||divi||400&#8243; button_two_icon_color=&#8220;#b5a863&#8243; button_two_on_hover=&#8220;off&#8220; button_two_custom_margin=&#8220;||&#8220; button_two_custom_padding=&#8220;0px||&#8220; background_layout=&#8220;light&#8220; custom_margin=&#8220;||||false|false&#8220; custom_padding=&#8220;|4%||4%|false|false&#8220; custom_css_header_container=&#8220;width: 100%;&#8220; custom_css_title=&#8220;background-color: white;||padding-left: 30px;||padding-top: 15px;||width: 50%;||margin-top: 30%;&#8220; custom_css_content=&#8220;background-color: white;||padding-left: 30px;||padding-top: 5px;||padding-bottom: 15px;||width: 50%;&#8220; global_colors_info=&#8220;{}&#8220; button_two_bg_color__hover_enabled=&#8220;on&#8220; button_two_bg_color__hover=&#8220;rgba(0,0,0,0)&#8220; button_one_bg_color__hover_enabled=&#8220;on&#8220; button_one_bg_color__hover=&#8220;rgba(255,255,255,0.3)&#8220; button_one_text_color__hover_enabled=&#8220;on&#8220; button_one_text_color__hover=&#8220;#FFFFFF&#8220;]<\/p>\n<h3>Die Mitglieder von La Guirlande sind renommierte Musiker, die f\u00fcr die jeweiligen Projekte ausgew\u00e4hlt werden \u2013 dadurch wird in jedem Programm auch ein Schlaglicht auf die besonderen Qualit\u00e4ten eines jeden Einzelnen von ihnen geworfen.<\/h3>\n<p>[\/et_pb_fullwidth_header][\/et_pb_section][et_pb_section fb_built=&#8220;1&#8243; fullwidth=&#8220;on&#8220; disabled_on=&#8220;off|off|on&#8220; admin_label=&#8220;Movil 01&#8243; _builder_version=&#8220;4.16&#8243; background_color=&#8220;rgba(0,0,0,0)&#8220; global_colors_info=&#8220;{}&#8220;][et_pb_fullwidth_header text_orientation=&#8220;center&#8220; header_fullscreen=&#8220;on&#8220; header_image_url=&#8220;https:\/\/laguirlande.com\/wp-content\/uploads\/2019\/09\/Logo-01.png&#8220; disabled_on=&#8220;off|off|on&#8220; _builder_version=&#8220;4.16&#8243; background_color=&#8220;rgba(0,0,0,0)&#8220; global_colors_info=&#8220;{}&#8220;][\/et_pb_fullwidth_header][\/et_pb_section][et_pb_section fb_built=&#8220;1&#8243; fullwidth=&#8220;on&#8220; disabled_on=&#8220;off|off|on&#8220; admin_label=&#8220;Movil 02&#8243; _builder_version=&#8220;4.16&#8243; background_color=&#8220;rgba(0,0,0,0)&#8220; custom_margin=&#8220;|-8%||-6%|false|false&#8220; custom_padding=&#8220;|0px||0px|false|true&#8220; global_colors_info=&#8220;{}&#8220;][et_pb_fullwidth_header _builder_version=&#8220;4.27.3&#8243; content_font=&#8220;||||||||&#8220; content_text_align=&#8220;justify&#8220; background_color=&#8220;rgba(0,0,0,0)&#8220; background_layout=&#8220;light&#8220; custom_margin=&#8220;|0px||0px&#8220; custom_padding=&#8220;|0px||0px||true&#8220; global_colors_info=&#8220;{}&#8220;]La Guirlande, eines der vielseitigsten Ensembles, das sich auf die historische Interpretation der Musik des 18. und 19. Jahrhunderts spezialisiert hat, wurde von Luis Mart\u00ednez Pueyo w\u00e4hrend seiner Zeit an der Schola Cantorum Basiliensis gegr\u00fcndet. Das Repertoire konzentriert sich auf die Musik des 18. und 19. Jahrhunderts, in der die Fl\u00f6te eine grundlegende Rolle spielt: von der Fl\u00f6tensonate &#8211; mit Cembalo oder Pianoforte sowie mit Basso continuo &#8211; bis zum Solokonzert, einschlie\u00dflich aller Arten von Kammermusikkombinationen. Die Verwendung von Originalinstrumenten oder deren Nachbauten sowie ein gr\u00fcndliches historisches Studium der Auff\u00fchrungspraxis anhand verschiedener Traktate und Quellen kennzeichnen das Hauptziel von La Guirlande: eine Interpretation des Repertoires, die der urspr\u00fcnglichen Idee des jeweiligen Komponisten so nahe wie m\u00f6glich kommt.<\/p>\n<p>&nbsp;<\/p>\n<p>La Guirlande setzt sich aus Musikern zusammen, die auf dem Gebiet der historischen Auff\u00fchrungspraxis hohes Ansehen genie\u00dfen. Sie wurden an einigen der weltweit wichtigsten Schulen f\u00fcr Alte Musik ausgebildet und arbeiten mit Ensembles und Orchestern von europ\u00e4ischem und internationalem Ruf zusammen. Seit seiner Gr\u00fcndung hat La Guirlande an bedeutenden Festivals teilgenommen: Freunde Alter Musik Basel, Wimbledon International Music Festival, Centro Nacional de Difusi\u00f3n Musical, Festival Internacional de Santander, Quincena Musical de San Sebasti\u00e1n, Festival de M\u00fasica Antigua de \u00dabeda y Baeza, Festival de M\u00fasica Antigua de Sevilla, Festival Internacional de Arte Sacro de la Comunidad de Madrid, Semana de M\u00fasica Antigua de \u00c1lava, Festival de M\u00fasica Antigua de Pe\u00f1\u00edscola, Festival de Besan\u00e7on &#8211; Montfaucon, Festival Internazionale di Musica Antica Note Senza Tempo, Mvsica Cordis Konzertreihe Egerkingen, Echoes Festival of Latin Classical Music, Festival Fora do Lugar, Festival Baroque Vivant Basel, Festival de M\u00fasica Barroca de Albacete, Festival de M\u00fasica Antigua de Casalarreina, Cl\u00e1sicos en Verano de la Comunidad de Madrid und Ciclo de Conciertos de Orgao Vila Nova de Famalicao e Santo Tirso. Luis Mart\u00ednez organisiert auch das Festival de M\u00fasica Antigua de \u00c9pila.<br \/>\n&nbsp;<br \/>\nLa Guirlande hat ihren Namen von einem der Hauptsymbole des Gottes Apollo, einem Zeichen f\u00fcr Ruhm und Anerkennung in den K\u00fcnsten, der Weisheit und den Spielen.[\/et_pb_fullwidth_header][\/et_pb_section][et_pb_section fb_built=&#8220;1&#8243; fullwidth=&#8220;on&#8220; disabled_on=&#8220;off|off|on&#8220; admin_label=&#8220;Movil 03&#8243; _builder_version=&#8220;4.16&#8243; background_image=&#8220;https:\/\/laguirlande.com\/wp-content\/uploads\/2021\/11\/luis-movil.jpg&#8220; custom_margin=&#8220;|-8%||-6%|false|false&#8220; custom_padding=&#8220;|0px||0px|false|false&#8220; global_colors_info=&#8220;{}&#8220;][et_pb_fullwidth_header title=&#8220;LUIS MART\u00cdNEZ PUEYO. K\u00dcNSTLERISCHER LEITER&#8220; header_fullscreen=&#8220;on&#8220; button_one_text=&#8220;Download Lebenslauf Luis Mart\u00ednez Pueyo. PDF&#8220; button_one_url=&#8220;\/documents\/CV Luis Martinez Pueyo_DE.pdf&#8220; background_overlay_color=&#8220;rgba(255,255,255,0.41)&#8220; content_orientation=&#8220;bottom&#8220; _builder_version=&#8220;4.27.4&#8243; content_font=&#8220;||||||||&#8220; content_text_align=&#8220;left&#8220; background_color=&#8220;rgba(0,0,0,0)&#8220; custom_margin=&#8220;||&#8220; custom_margin_phone=&#8220;||&#8220; custom_margin_last_edited=&#8220;off|desktop&#8220; custom_padding=&#8220;50%||&#8220; link_option_url_new_window=&#8220;on&#8220; hover_enabled=&#8220;0&#8243; global_colors_info=&#8220;{}&#8220; sticky_enabled=&#8220;0&#8243;]<\/p>\n<p>Luis Mart\u00ednez Pueyo, der an der renommierten Schola Cantorum Basiliensis studiert hat, ist der Gr\u00fcnder und Leiter von La Guirlande, einem Ensemble, das sich der historisch informierten Auff\u00fchrungspraxis der Musik des 18. und 19. Jahrhunderts verschrieben hat.<\/p>\n<p>[\/et_pb_fullwidth_header][\/et_pb_section][et_pb_section fb_built=&#8220;1&#8243; fullwidth=&#8220;on&#8220; disabled_on=&#8220;off|off|on&#8220; admin_label=&#8220;Movil 04&#8243; _builder_version=&#8220;4.16&#8243; background_color=&#8220;RGBA(0,0,0,0)&#8220; background_enable_image=&#8220;off&#8220; custom_margin=&#8220;|-8%||-6%|false|false&#8220; custom_padding=&#8220;|0px||0px|false|false&#8220; global_colors_info=&#8220;{}&#8220;][et_pb_fullwidth_header title=&#8220;DIE MUSIKER VON LA GUIRLANDE&#8220; header_fullscreen=&#8220;on&#8220; background_overlay_color=&#8220;RGBA(0,0,0,0)&#8220; logo_image_url=&#8220;https:\/\/laguirlande.com\/wp-content\/uploads\/2021\/04\/musicos-2.jpg&#8220; content_orientation=&#8220;bottom&#8220; _builder_version=&#8220;4.16&#8243; content_font=&#8220;||||||||&#8220; content_text_align=&#8220;left&#8220; background_color=&#8220;rgba(0,0,0,0)&#8220; background_layout=&#8220;light&#8220; custom_margin=&#8220;||&#8220; custom_margin_phone=&#8220;||&#8220; custom_margin_last_edited=&#8220;off|desktop&#8220; custom_padding=&#8220;50%||&#8220; custom_css_title=&#8220;margin-top: 3%;&#8220; global_colors_info=&#8220;{}&#8220;]<\/p>\n<h3>Die Mitglieder von La Guirlande sind renommierte Musiker, die f\u00fcr die jeweiligen Projekte ausgew\u00e4hlt werden \u2013 dadurch wird in jedem Programm auch ein Schlaglicht auf die besonderen Qualit\u00e4ten eines jeden Einzelnen von ihnen geworfen.<\/h3>\n<p>[\/et_pb_fullwidth_header][\/et_pb_section][et_pb_section fb_built=&#8220;1&#8243; _builder_version=&#8220;4.27.4&#8243; background_color=&#8220;#232323&#8243; custom_margin=&#8220;0px|0px|0px|0px|false|false&#8220; custom_padding=&#8220;0px|0px|0px|0px|false|false&#8220; custom_css_main_element=&#8220;overflow: hidden;&#8220; global_module=&#8220;9165&#8243; global_colors_info=&#8220;{}&#8220;][et_pb_row column_structure=&#8220;1_3,1_3,1_3&#8243; disabled_on=&#8220;off|off|off&#8220; _builder_version=&#8220;4.19.0&#8243; background_color=&#8220;#232323&#8243; background_size=&#8220;initial&#8220; background_position=&#8220;top_left&#8220; background_repeat=&#8220;repeat&#8220; width=&#8220;100%&#8220; max_width=&#8220;100%&#8220; custom_margin=&#8220;0px||0px&#8220; custom_padding=&#8220;1%|1%|1%|1%|false|false&#8220; border_width_bottom=&#8220;0.5px&#8220; border_color_bottom=&#8220;#ffffff&#8220; global_colors_info=&#8220;{}&#8220;][et_pb_column type=&#8220;1_3&#8243; _builder_version=&#8220;4.16&#8243; custom_padding=&#8220;0px||0px|&#8220; global_colors_info=&#8220;{}&#8220; custom_padding__hover=&#8220;|||&#8220;][\/et_pb_column][et_pb_column type=&#8220;1_3&#8243; _builder_version=&#8220;4.16&#8243; custom_padding=&#8220;0px||0px|&#8220; global_colors_info=&#8220;{}&#8220; custom_padding__hover=&#8220;|||&#8220;][\/et_pb_column][et_pb_column type=&#8220;1_3&#8243; _builder_version=&#8220;4.16&#8243; custom_padding=&#8220;0px||0px|&#8220; global_colors_info=&#8220;{}&#8220; custom_padding__hover=&#8220;|||&#8220;][et_pb_image src=&#8220;https:\/\/laguirlande.com\/wp-content\/uploads\/2025\/02\/INAEM-02-MONOCROMATICO-BLANCO_Copy-1.png&#8220; title_text=&#8220;INAEM-02-MONOCROMATICO-BLANCO_Copy&#8220; align=&#8220;right&#8220; _builder_version=&#8220;4.27.4&#8243; _module_preset=&#8220;default&#8220; width=&#8220;60%&#8220; custom_margin=&#8220;||||false|false&#8220; custom_margin_phone=&#8220;||||false|false&#8220; custom_margin_last_edited=&#8220;off|desktop&#8220; custom_padding_tablet=&#8220;&#8220; custom_padding_phone=&#8220;||||false|false&#8220; custom_padding_last_edited=&#8220;on|phone&#8220; global_colors_info=&#8220;{}&#8220;][\/et_pb_image][\/et_pb_column][\/et_pb_row][\/et_pb_section]<\/p>\n","protected":false},"excerpt":{"rendered":"<p>La Guirlande, eines der vielseitigsten Ensembles, das sich auf die historische Interpretation der Musik des 18. und 19. Jahrhunderts spezialisiert hat, wurde von Luis Mart\u00ednez Pueyo w\u00e4hrend seiner Zeit an der Schola Cantorum Basiliensis gegr\u00fcndet. Das Repertoire konzentriert sich auf die Musik des 18. und 19. Jahrhunderts, in der die Fl\u00f6te eine grundlegende Rolle spielt: [&hellip;]<\/p>\n","protected":false},"author":1,"featured_media":0,"parent":0,"menu_order":0,"comment_status":"closed","ping_status":"closed","template":"","meta":{"_et_pb_use_builder":"on","_et_pb_old_content":"","_et_gb_content_width":"","footnotes":""},"class_list":["post-5347","page","type-page","status-publish","hentry"],"yoast_head":"<!-- This site is optimized with the Yoast SEO plugin v27.3 - https:\/\/yoast.com\/product\/yoast-seo-wordpress\/ -->\n<title>La Guirlande - La Guirlande<\/title>\n<meta name=\"robots\" content=\"index, follow, max-snippet:-1, max-image-preview:large, max-video-preview:-1\" \/>\n<link rel=\"canonical\" href=\"https:\/\/laguirlande.com\/de\/la-guirlande\/\" \/>\n<meta property=\"og:locale\" content=\"de_DE\" \/>\n<meta property=\"og:type\" content=\"article\" \/>\n<meta property=\"og:title\" content=\"La Guirlande - La Guirlande\" \/>\n<meta property=\"og:description\" content=\"La Guirlande, eines der vielseitigsten Ensembles, das sich auf die historische Interpretation der Musik des 18. und 19. Jahrhunderts spezialisiert hat, wurde von Luis Mart\u00ednez Pueyo w\u00e4hrend seiner Zeit an der Schola Cantorum Basiliensis gegr\u00fcndet. Das Repertoire konzentriert sich auf die Musik des 18. und 19. Jahrhunderts, in der die Fl\u00f6te eine grundlegende Rolle spielt: [&hellip;]\" \/>\n<meta property=\"og:url\" content=\"https:\/\/laguirlande.com\/de\/la-guirlande\/\" \/>\n<meta property=\"og:site_name\" content=\"La Guirlande\" \/>\n<meta property=\"article:modified_time\" content=\"2025-11-19T10:08:17+00:00\" \/>\n<meta name=\"twitter:card\" content=\"summary_large_image\" \/>\n<meta name=\"twitter:label1\" content=\"Gesch\u00e4tzte Lesezeit\" \/>\n\t<meta name=\"twitter:data1\" content=\"6\u00a0Minuten\" \/>\n<script type=\"application\/ld+json\" class=\"yoast-schema-graph\">{\"@context\":\"https:\\\/\\\/schema.org\",\"@graph\":[{\"@type\":\"WebPage\",\"@id\":\"https:\\\/\\\/laguirlande.com\\\/de\\\/la-guirlande\\\/\",\"url\":\"https:\\\/\\\/laguirlande.com\\\/de\\\/la-guirlande\\\/\",\"name\":\"La Guirlande - La Guirlande\",\"isPartOf\":{\"@id\":\"https:\\\/\\\/laguirlande.com\\\/#website\"},\"datePublished\":\"2021-01-10T17:51:31+00:00\",\"dateModified\":\"2025-11-19T10:08:17+00:00\",\"breadcrumb\":{\"@id\":\"https:\\\/\\\/laguirlande.com\\\/de\\\/la-guirlande\\\/#breadcrumb\"},\"inLanguage\":\"de\",\"potentialAction\":[{\"@type\":\"ReadAction\",\"target\":[\"https:\\\/\\\/laguirlande.com\\\/de\\\/la-guirlande\\\/\"]}]},{\"@type\":\"BreadcrumbList\",\"@id\":\"https:\\\/\\\/laguirlande.com\\\/de\\\/la-guirlande\\\/#breadcrumb\",\"itemListElement\":[{\"@type\":\"ListItem\",\"position\":1,\"name\":\"Portada\",\"item\":\"https:\\\/\\\/laguirlande.com\\\/de\\\/\"},{\"@type\":\"ListItem\",\"position\":2,\"name\":\"La Guirlande\"}]},{\"@type\":\"WebSite\",\"@id\":\"https:\\\/\\\/laguirlande.com\\\/#website\",\"url\":\"https:\\\/\\\/laguirlande.com\\\/\",\"name\":\"La Guirlande\",\"description\":\"M\u00fasica del siglo XVIII y XIX interpretada con criterios historicistas.\",\"potentialAction\":[{\"@type\":\"SearchAction\",\"target\":{\"@type\":\"EntryPoint\",\"urlTemplate\":\"https:\\\/\\\/laguirlande.com\\\/?s={search_term_string}\"},\"query-input\":{\"@type\":\"PropertyValueSpecification\",\"valueRequired\":true,\"valueName\":\"search_term_string\"}}],\"inLanguage\":\"de\"}]}<\/script>\n<!-- \/ Yoast SEO plugin. -->","yoast_head_json":{"title":"La Guirlande - La Guirlande","robots":{"index":"index","follow":"follow","max-snippet":"max-snippet:-1","max-image-preview":"max-image-preview:large","max-video-preview":"max-video-preview:-1"},"canonical":"https:\/\/laguirlande.com\/de\/la-guirlande\/","og_locale":"de_DE","og_type":"article","og_title":"La Guirlande - La Guirlande","og_description":"La Guirlande, eines der vielseitigsten Ensembles, das sich auf die historische Interpretation der Musik des 18. und 19. Jahrhunderts spezialisiert hat, wurde von Luis Mart\u00ednez Pueyo w\u00e4hrend seiner Zeit an der Schola Cantorum Basiliensis gegr\u00fcndet. Das Repertoire konzentriert sich auf die Musik des 18. und 19. Jahrhunderts, in der die Fl\u00f6te eine grundlegende Rolle spielt: [&hellip;]","og_url":"https:\/\/laguirlande.com\/de\/la-guirlande\/","og_site_name":"La Guirlande","article_modified_time":"2025-11-19T10:08:17+00:00","twitter_card":"summary_large_image","twitter_misc":{"Gesch\u00e4tzte Lesezeit":"6\u00a0Minuten"},"schema":{"@context":"https:\/\/schema.org","@graph":[{"@type":"WebPage","@id":"https:\/\/laguirlande.com\/de\/la-guirlande\/","url":"https:\/\/laguirlande.com\/de\/la-guirlande\/","name":"La Guirlande - La Guirlande","isPartOf":{"@id":"https:\/\/laguirlande.com\/#website"},"datePublished":"2021-01-10T17:51:31+00:00","dateModified":"2025-11-19T10:08:17+00:00","breadcrumb":{"@id":"https:\/\/laguirlande.com\/de\/la-guirlande\/#breadcrumb"},"inLanguage":"de","potentialAction":[{"@type":"ReadAction","target":["https:\/\/laguirlande.com\/de\/la-guirlande\/"]}]},{"@type":"BreadcrumbList","@id":"https:\/\/laguirlande.com\/de\/la-guirlande\/#breadcrumb","itemListElement":[{"@type":"ListItem","position":1,"name":"Portada","item":"https:\/\/laguirlande.com\/de\/"},{"@type":"ListItem","position":2,"name":"La Guirlande"}]},{"@type":"WebSite","@id":"https:\/\/laguirlande.com\/#website","url":"https:\/\/laguirlande.com\/","name":"La Guirlande","description":"M\u00fasica del siglo XVIII y XIX interpretada con criterios historicistas.","potentialAction":[{"@type":"SearchAction","target":{"@type":"EntryPoint","urlTemplate":"https:\/\/laguirlande.com\/?s={search_term_string}"},"query-input":{"@type":"PropertyValueSpecification","valueRequired":true,"valueName":"search_term_string"}}],"inLanguage":"de"}]}},"_links":{"self":[{"href":"https:\/\/laguirlande.com\/de\/wp-json\/wp\/v2\/pages\/5347","targetHints":{"allow":["GET"]}}],"collection":[{"href":"https:\/\/laguirlande.com\/de\/wp-json\/wp\/v2\/pages"}],"about":[{"href":"https:\/\/laguirlande.com\/de\/wp-json\/wp\/v2\/types\/page"}],"author":[{"embeddable":true,"href":"https:\/\/laguirlande.com\/de\/wp-json\/wp\/v2\/users\/1"}],"replies":[{"embeddable":true,"href":"https:\/\/laguirlande.com\/de\/wp-json\/wp\/v2\/comments?post=5347"}],"version-history":[{"count":22,"href":"https:\/\/laguirlande.com\/de\/wp-json\/wp\/v2\/pages\/5347\/revisions"}],"predecessor-version":[{"id":9893,"href":"https:\/\/laguirlande.com\/de\/wp-json\/wp\/v2\/pages\/5347\/revisions\/9893"}],"wp:attachment":[{"href":"https:\/\/laguirlande.com\/de\/wp-json\/wp\/v2\/media?parent=5347"}],"curies":[{"name":"wp","href":"https:\/\/api.w.org\/{rel}","templated":true}]}}